{"id":9865,"date":"2026-03-19T10:29:44","date_gmt":"2026-03-19T10:29:44","guid":{"rendered":"https:\/\/ora.vision\/alle-produkte-ora-vision\/"},"modified":"2026-04-29T15:46:23","modified_gmt":"2026-04-29T15:46:23","slug":"alle-produkte-ora-vision","status":"publish","type":"page","link":"https:\/\/ora.vision\/de\/alle-produkte-ora-vision\/","title":{"rendered":"Alle Produkte"},"content":{"rendered":"<h2>ORA Spheres \u2013 eine Form, viele<br \/>\nGr\u00f6\u00dfen<\/h2>\n<p>Von kompakten Desktop-Globen bis hin zu Riesensph\u00e4ren f\u00fcr XL-Erlebnisse \u2013 das ORA-Sortiment passt sich Ihrem Raum, Ihrem Publikum und Ihren Geschichten an.<\/p>\n<p>\t\t\t\t\t\t\t\t<a role=\"button\"><br \/>\n\t\t\t\t<svg xmlns=\"http:\/\/www.w3.org\/2000\/svg\" width=\"10\" height=\"10\" viewBox=\"0 0 10 10\" fill=\"none\"><path d=\"M0.749929 9.23538L9.23521 0.750103M9.23521 0.750103L9.23521 8.76398M9.23521 0.750103L1.22133 0.750103\" stroke=\"#141414\" stroke-width=\"1.5\" stroke-linecap=\"round\" stroke-linejoin=\"round\"><\/path><\/svg><br \/>\n\t\t\t\t\t\t\t\t\tProjektvorschlag anfordern<br \/>\n\t\t\t\t\t<\/a><\/p>\n<h2>Produkte<\/h2>\n<h2>Lernen Sie die ORA Sphere-Familie kennen<br \/>\n<\/h2>\n<p>Sechs Modellreihen, eine immersive Sprache.<\/p>\n<h2>ORA+ \u2013 Die originale 4K-Sphere<br \/>\n<\/h2>\n<p>ORA+ ist eine nahtlose, interaktive 4K-Sphere, die f\u00fcr die globale Exploration entwickelt wurde. Ihre Multi-Touch-Oberfl\u00e4che unterst\u00fctzt bis zu 100 Finger gleichzeitig, w\u00e4hrend integriertes 7.1-Audio f\u00fcr ein wahrhaft immersives, kollektives Erlebnis sorgt. Erh\u00e4ltlich von 60 bis 120 cm.  <\/p>\n<p>\t\t\t\t\t\t\t\t<a role=\"button\"><br \/>\n\t\t\t\t<svg xmlns=\"http:\/\/www.w3.org\/2000\/svg\" width=\"13\" height=\"13\" viewBox=\"0 0 13 13\" fill=\"none\"><path d=\"M0.499994 12.1673L12.1673 0.500019M12.1673 0.500019L12.1673 11.5191M12.1673 0.500019L1.14817 0.500019\" stroke=\"white\" stroke-linecap=\"round\" stroke-linejoin=\"round\"><\/path><\/svg><br \/>\n\t\t\t\t\t\t\t\t\t  Mehr erfahren<br \/>\n\t\t\t\t\t<\/a><\/p>\n<h2>ORA\/2 \u2013 Hemisph\u00e4ren<br \/>\n<\/h2>\n<p>ORA\/2 ist eine elegante interaktive Hemisph\u00e4re f\u00fcr die Wandmontage oder die Integration in M\u00f6bel. Mit Multi-Touch-Reaktionsf\u00e4higkeit und lebendiger Helligkeit bei Durchmessern von 60 cm bis 200 cm bietet sie ein immersives Fenster zur Welt bei geringem Platzbedarf. <\/p>\n<p>\t\t\t\t\t\t\t\t<a role=\"button\"><br \/>\n\t\t\t\t<svg xmlns=\"http:\/\/www.w3.org\/2000\/svg\" width=\"13\" height=\"13\" viewBox=\"0 0 13 13\" fill=\"none\"><path d=\"M0.499994 12.1673L12.1673 0.500019M12.1673 0.500019L12.1673 11.5191M12.1673 0.500019L1.14817 0.500019\" stroke=\"white\" stroke-linecap=\"round\" stroke-linejoin=\"round\"><\/path><\/svg><br \/>\n\t\t\t\t\t\t\t\t\t  Mehr erfahren<br \/>\n\t\t\t\t\t<\/a><\/p>\n<h2>HYBRID-PROJEKTION \u2013 Spheres, Flachprojektion<br \/>\n&amp; Domes<br \/>\n<\/h2>\n<p>Hybridkonfigurationen, die ORA Spheres oder Hemisph\u00e4ren mit Flachprojektion, LED-W\u00e4nden oder Domes kombinieren. Nutzen Sie die Sphere f\u00fcr die globale Ansicht und die umgebenden Fl\u00e4chen f\u00fcr Details, Daten und Interaktion \u2013 ideal f\u00fcr komplexe Geschichten und vielschichtige Erlebnisse. <\/p>\n<p>\t\t\t\t\t\t\t\t<a role=\"button\"><br \/>\n\t\t\t\t<svg xmlns=\"http:\/\/www.w3.org\/2000\/svg\" width=\"13\" height=\"13\" viewBox=\"0 0 13 13\" fill=\"none\"><path d=\"M0.499994 12.1673L12.1673 0.500019M12.1673 0.500019L12.1673 11.5191M12.1673 0.500019L1.14817 0.500019\" stroke=\"white\" stroke-linecap=\"round\" stroke-linejoin=\"round\"><\/path><\/svg><br \/>\n\t\t\t\t\t\t\t\t\t  Mehr erfahren<br \/>\n\t\t\t\t\t<\/a><\/p>\n<h2>ORA S \u2013 Kleine, elegante Spheres<br \/>\n<\/h2>\n<p>ORA S bringt brillante Full-HD+- oder 4K-Bilder auf Schreibtische, Tische und Verkaufstheken. Erh\u00e4ltlich in Durchmessern von 25, 35 und 40 cm, ist sie kompakt, mobil und \u00fcber Ihr Smartphone oder Tablet steuerbar, was sie zu einem vielseitigen Herzst\u00fcck f\u00fcr Arbeitsbereiche, Gesch\u00e4fte und Bildungseinrichtungen macht. <\/p>\n<p>\t\t\t\t\t\t\t\t<a role=\"button\"><br \/>\n\t\t\t\t<svg xmlns=\"http:\/\/www.w3.org\/2000\/svg\" width=\"13\" height=\"13\" viewBox=\"0 0 13 13\" fill=\"none\"><path d=\"M0.499994 12.1673L12.1673 0.500019M12.1673 0.500019L12.1673 11.5191M12.1673 0.500019L1.14817 0.500019\" stroke=\"white\" stroke-linecap=\"round\" stroke-linejoin=\"round\"><\/path><\/svg><br \/>\n\t\t\t\t\t\t\t\t\t  Mehr erfahren<br \/>\n\t\t\t\t\t<\/a><\/p>\n<h2>ORA Air \u2013 Aufblasbare Spheres<\/h2>\n<p>ORA Air ist eine riesige und dennoch leichte Sphere, die fast \u00fcberall und jederzeit installiert werden kann. Sie wird von einer Basis aus durch einen Hochleistungsprojektor betrieben, l\u00e4sst sich schnell aufblasen und ist mit einem Durchmesser von 1,5 m bis 2,5 m f\u00fcr spektakul\u00e4re 360\u00b0-Ansichten erh\u00e4ltlich. <\/p>\n<p>\t\t\t\t\t\t\t\t<a role=\"button\"><br \/>\n\t\t\t\t<svg xmlns=\"http:\/\/www.w3.org\/2000\/svg\" width=\"13\" height=\"13\" viewBox=\"0 0 13 13\" fill=\"none\"><path d=\"M0.499994 12.1673L12.1673 0.500019M12.1673 0.500019L12.1673 11.5191M12.1673 0.500019L1.14817 0.500019\" stroke=\"white\" stroke-linecap=\"round\" stroke-linejoin=\"round\"><\/path><\/svg><br \/>\n\t\t\t\t\t\t\t\t\t  Mehr erfahren<br \/>\n\t\t\t\t\t<\/a><\/p>\n<h2>ORA XL \u2013 Riesensph\u00e4ren f\u00fcr XL-Erlebnisse<\/h2>\n<p>ORA XL wurde f\u00fcr Ausstellungen, Messen, Konzerte und Gro\u00dfveranstaltungen entwickelt und zieht selbst in den gr\u00f6\u00dften R\u00e4umen die Aufmerksamkeit auf sich. Bodenstehend oder deckenmontiert, mit einem Durchmesser von 1,5 m bis 2,5 m, auch f\u00fcr Au\u00dfeninstallationen verf\u00fcgbar. <\/p>\n<p>\t\t\t\t\t\t\t\t<a role=\"button\"><br \/>\n\t\t\t\t<svg xmlns=\"http:\/\/www.w3.org\/2000\/svg\" width=\"13\" height=\"13\" viewBox=\"0 0 13 13\" fill=\"none\"><path d=\"M0.499994 12.1673L12.1673 0.500019M12.1673 0.500019L12.1673 11.5191M12.1673 0.500019L1.14817 0.500019\" stroke=\"white\" stroke-linecap=\"round\" stroke-linejoin=\"round\"><\/path><\/svg><br \/>\n\t\t\t\t\t\t\t\t\t  Mehr erfahren<br \/>\n\t\t\t\t\t<\/a><\/p>\n<h2>Auswahlhilfe<\/h2>\n<h2>Welches ORA-Modell ist das richtige f\u00fcr Sie?<\/h2>\n<ul>\n<li>Raumgr\u00f6\u00dfe und Betrachtungsabstand<\/li>\n<li>Grad der Interaktivit\u00e4t<\/li>\n<li>Permanente vs. tempor\u00e4re Installation<\/li>\n<\/ul>\n<p>\t\t\t\t\t\t\t\t<a role=\"button\"><br \/>\n\t\t\t\t<svg xmlns=\"http:\/\/www.w3.org\/2000\/svg\" width=\"14\" height=\"14\" viewBox=\"0 0 14 14\" fill=\"none\"><path d=\"M0.749994 12.4173L12.4173 0.750019M12.4173 0.750019L12.4173 11.7691M12.4173 0.750019L1.39817 0.750019\" stroke=\"white\" stroke-width=\"1.5\" stroke-linecap=\"round\" stroke-linejoin=\"round\"><\/path><\/svg><br \/>\n\t\t\t\t\t\t\t\t\tSprechen Sie mit unserem Team<br \/>\n\t\t\t\t\t<\/a><\/p>\n<p>Haben Sie bereits eine Sphere im Sinn? Entdecken Sie Inhaltsoptionen f\u00fcr Bildung, Marken und Live-Erlebnisse.  <strong><a href=\"https:\/\/ora.vision\/content-ora-vision-new\/\">Zum Bereich Inhalte \u2192<\/a><\/strong><\/p>\n","protected":false},"excerpt":{"rendered":"<p>ORA Spheres \u2013 eine Form, viele Gr\u00f6\u00dfen Von kompakten Desktop-Globen bis hin zu Riesensph\u00e4ren f\u00fcr XL-Erlebnisse \u2013 das ORA-Sortiment passt sich Ihrem Raum, Ihrem Publikum und Ihren Geschichten an. Projektvorschlag anfordern Produkte Lernen Sie die ORA Sphere-Familie kennen Sechs Modellreihen, eine immersive Sprache. ORA+ \u2013 Die originale 4K-Sphere ORA+ ist eine nahtlose, interaktive 4K-Sphere, die [&hellip;]<\/p>\n","protected":false},"author":1,"featured_media":0,"parent":0,"menu_order":0,"comment_status":"closed","ping_status":"closed","template":"elementor_header_footer","meta":{"content-type":"","footnotes":""},"class_list":["post-9865","page","type-page","status-publish","hentry"],"_links":{"self":[{"href":"https:\/\/ora.vision\/de\/wp-json\/wp\/v2\/pages\/9865","targetHints":{"allow":["GET"]}}],"collection":[{"href":"https:\/\/ora.vision\/de\/wp-json\/wp\/v2\/pages"}],"about":[{"href":"https:\/\/ora.vision\/de\/wp-json\/wp\/v2\/types\/page"}],"author":[{"embeddable":true,"href":"https:\/\/ora.vision\/de\/wp-json\/wp\/v2\/users\/1"}],"replies":[{"embeddable":true,"href":"https:\/\/ora.vision\/de\/wp-json\/wp\/v2\/comments?post=9865"}],"version-history":[{"count":2,"href":"https:\/\/ora.vision\/de\/wp-json\/wp\/v2\/pages\/9865\/revisions"}],"predecessor-version":[{"id":10128,"href":"https:\/\/ora.vision\/de\/wp-json\/wp\/v2\/pages\/9865\/revisions\/10128"}],"wp:attachment":[{"href":"https:\/\/ora.vision\/de\/wp-json\/wp\/v2\/media?parent=9865"}],"curies":[{"name":"wp","href":"https:\/\/api.w.org\/{rel}","templated":true}]}}