{"id":9803,"date":"2026-03-19T10:29:44","date_gmt":"2026-03-19T10:29:44","guid":{"rendered":"https:\/\/ora.vision\/todos-los-productos-ora-vision\/"},"modified":"2026-04-29T16:03:05","modified_gmt":"2026-04-29T16:03:05","slug":"todos-los-productos-ora-vision","status":"publish","type":"page","link":"https:\/\/ora.vision\/es\/todos-los-productos-ora-vision\/","title":{"rendered":"Todos los productos"},"content":{"rendered":"<h2>ORA Spheres: una forma, muchos<br \/>\ntama\u00f1os<\/h2>\n<p>Desde globos compactos de sobremesa hasta esferas gigantes para experiencias XL, la gama ORA se adapta a su espacio, su p\u00fablico y sus historias.<\/p>\n<p>\t\t\t\t\t\t\t\t<a role=\"button\"><br \/>\n\t\t\t\t<svg xmlns=\"http:\/\/www.w3.org\/2000\/svg\" width=\"10\" height=\"10\" viewBox=\"0 0 10 10\" fill=\"none\"><path d=\"M0.749929 9.23538L9.23521 0.750103M9.23521 0.750103L9.23521 8.76398M9.23521 0.750103L1.22133 0.750103\" stroke=\"#141414\" stroke-width=\"1.5\" stroke-linecap=\"round\" stroke-linejoin=\"round\"><\/path><\/svg><br \/>\n\t\t\t\t\t\t\t\t\tSolicitar una propuesta de proyecto<br \/>\n\t\t\t\t\t<\/a><\/p>\n<h2>Productos<\/h2>\n<h2>Conozca la familia ORA Sphere<br \/>\n<\/h2>\n<p>Seis gamas de modelos, un lenguaje inmersivo.<\/p>\n<h2>ORA+ \u2013 La Sphere 4K original<br \/>\n<\/h2>\n<p>ORA+ es una Sphere interactiva 4K sin juntas, dise\u00f1ada para la exploraci\u00f3n global. Su superficie multit\u00e1ctil admite hasta 100 dedos a la vez, mientras que el audio 7.1 integrado ofrece una experiencia verdaderamente inmersiva y colectiva. Disponible de 60 a 120 cm.  <\/p>\n<p>\t\t\t\t\t\t\t\t<a role=\"button\"><br \/>\n\t\t\t\t<svg xmlns=\"http:\/\/www.w3.org\/2000\/svg\" width=\"13\" height=\"13\" viewBox=\"0 0 13 13\" fill=\"none\"><path d=\"M0.499994 12.1673L12.1673 0.500019M12.1673 0.500019L12.1673 11.5191M12.1673 0.500019L1.14817 0.500019\" stroke=\"white\" stroke-linecap=\"round\" stroke-linejoin=\"round\"><\/path><\/svg><br \/>\n\t\t\t\t\t\t\t\t\t  M\u00e1s informaci\u00f3n<br \/>\n\t\t\t\t\t<\/a><\/p>\n<h2>ORA\/2 \u2013 Hemisferios<br \/>\n<\/h2>\n<p>ORA\/2 es un elegante hemisferio interactivo para montaje en pared o integraci\u00f3n en mobiliario. Con respuesta multit\u00e1ctil y un brillo intenso de 60 cm a 200 cm, ofrece una ventana inmersiva al mundo en un formato compacto. <\/p>\n<p>\t\t\t\t\t\t\t\t<a role=\"button\"><br \/>\n\t\t\t\t<svg xmlns=\"http:\/\/www.w3.org\/2000\/svg\" width=\"13\" height=\"13\" viewBox=\"0 0 13 13\" fill=\"none\"><path d=\"M0.499994 12.1673L12.1673 0.500019M12.1673 0.500019L12.1673 11.5191M12.1673 0.500019L1.14817 0.500019\" stroke=\"white\" stroke-linecap=\"round\" stroke-linejoin=\"round\"><\/path><\/svg><br \/>\n\t\t\t\t\t\t\t\t\t  M\u00e1s informaci\u00f3n<br \/>\n\t\t\t\t\t<\/a><\/p>\n<h2>PROYECCI\u00d3N H\u00cdBRIDA \u2013 Esferas, proyecci\u00f3n plana<br \/>\n&amp; c\u00fapulas<br \/>\n<\/h2>\n<p>Configuraciones h\u00edbridas que combinan ORA Spheres o hemisferios con proyecci\u00f3n plana, muros LED o c\u00fapulas. Utilice la Sphere para la vista global y las superficies circundantes para el detalle, los datos y la interacci\u00f3n; ideal para historias complejas y experiencias por capas. <\/p>\n<p>\t\t\t\t\t\t\t\t<a role=\"button\"><br \/>\n\t\t\t\t<svg xmlns=\"http:\/\/www.w3.org\/2000\/svg\" width=\"13\" height=\"13\" viewBox=\"0 0 13 13\" fill=\"none\"><path d=\"M0.499994 12.1673L12.1673 0.500019M12.1673 0.500019L12.1673 11.5191M12.1673 0.500019L1.14817 0.500019\" stroke=\"white\" stroke-linecap=\"round\" stroke-linejoin=\"round\"><\/path><\/svg><br \/>\n\t\t\t\t\t\t\t\t\t  M\u00e1s informaci\u00f3n<br \/>\n\t\t\t\t\t<\/a><\/p>\n<h2>ORA S \u2013 Esferas peque\u00f1as y elegantes<br \/>\n<\/h2>\n<p>ORA S aporta im\u00e1genes brillantes Full HD+ o 4K a escritorios, mesas y mostradores de retail. Disponible en di\u00e1metros de 25, 35 y 40 cm, es compacta, m\u00f3vil y se controla desde su tel\u00e9fono o tableta, lo que la convierte en un elemento central vers\u00e1til para espacios de trabajo, tiendas y educaci\u00f3n. <\/p>\n<p>\t\t\t\t\t\t\t\t<a role=\"button\"><br \/>\n\t\t\t\t<svg xmlns=\"http:\/\/www.w3.org\/2000\/svg\" width=\"13\" height=\"13\" viewBox=\"0 0 13 13\" fill=\"none\"><path d=\"M0.499994 12.1673L12.1673 0.500019M12.1673 0.500019L12.1673 11.5191M12.1673 0.500019L1.14817 0.500019\" stroke=\"white\" stroke-linecap=\"round\" stroke-linejoin=\"round\"><\/path><\/svg><br \/>\n\t\t\t\t\t\t\t\t\t  M\u00e1s informaci\u00f3n<br \/>\n\t\t\t\t\t<\/a><\/p>\n<h2>ORA Air \u2013 Esferas hinchables<\/h2>\n<p>ORA Air es una Sphere gigante pero ligera que puede instalarse casi en cualquier lugar y en cualquier momento. Alimentada desde una base por un proyector de alta potencia, se infla r\u00e1pidamente y est\u00e1 disponible en di\u00e1metros de 1,5 m a 2,5 m para una espectacular visualizaci\u00f3n de 360\u00b0. <\/p>\n<p>\t\t\t\t\t\t\t\t<a role=\"button\"><br \/>\n\t\t\t\t<svg xmlns=\"http:\/\/www.w3.org\/2000\/svg\" width=\"13\" height=\"13\" viewBox=\"0 0 13 13\" fill=\"none\"><path d=\"M0.499994 12.1673L12.1673 0.500019M12.1673 0.500019L12.1673 11.5191M12.1673 0.500019L1.14817 0.500019\" stroke=\"white\" stroke-linecap=\"round\" stroke-linejoin=\"round\"><\/path><\/svg><br \/>\n\t\t\t\t\t\t\t\t\t  M\u00e1s informaci\u00f3n<br \/>\n\t\t\t\t\t<\/a><\/p>\n<h2>ORA XL \u2013 Esferas gigantes para experiencias XL<\/h2>\n<p>ORA XL est\u00e1 dise\u00f1ada para exposiciones, ferias comerciales, conciertos y grandes eventos, captando la atenci\u00f3n incluso en los espacios m\u00e1s amplios. De suelo o suspendida del techo, con di\u00e1metros de 1,5 m a 2,5 m, tambi\u00e9n disponible para instalaciones en exteriores. <\/p>\n<p>\t\t\t\t\t\t\t\t<a role=\"button\"><br \/>\n\t\t\t\t<svg xmlns=\"http:\/\/www.w3.org\/2000\/svg\" width=\"13\" height=\"13\" viewBox=\"0 0 13 13\" fill=\"none\"><path d=\"M0.499994 12.1673L12.1673 0.500019M12.1673 0.500019L12.1673 11.5191M12.1673 0.500019L1.14817 0.500019\" stroke=\"white\" stroke-linecap=\"round\" stroke-linejoin=\"round\"><\/path><\/svg><br \/>\n\t\t\t\t\t\t\t\t\t  M\u00e1s informaci\u00f3n<br \/>\n\t\t\t\t\t<\/a><\/p>\n<h2>C\u00f3mo elegir<\/h2>\n<h2>\u00bfQu\u00e9 modelo ORA es el adecuado para usted?<\/h2>\n<ul>\n<li>Tama\u00f1o del espacio y distancia de visualizaci\u00f3n<\/li>\n<li>Nivel de interactividad<\/li>\n<li>Instalaci\u00f3n permanente vs. temporal<\/li>\n<\/ul>\n<p>\t\t\t\t\t\t\t\t<a role=\"button\"><br \/>\n\t\t\t\t<svg xmlns=\"http:\/\/www.w3.org\/2000\/svg\" width=\"14\" height=\"14\" viewBox=\"0 0 14 14\" fill=\"none\"><path d=\"M0.749994 12.4173L12.4173 0.750019M12.4173 0.750019L12.4173 11.7691M12.4173 0.750019L1.39817 0.750019\" stroke=\"white\" stroke-width=\"1.5\" stroke-linecap=\"round\" stroke-linejoin=\"round\"><\/path><\/svg><br \/>\n\t\t\t\t\t\t\t\t\tHable con nuestro equipo<br \/>\n\t\t\t\t\t<\/a><\/p>\n<p>\u00bfYa tiene una Sphere en mente? Descubra opciones de contenido para educaci\u00f3n, marcas y experiencias en directo.   <strong><a href=\"https:\/\/ora.vision\/content-ora-vision-new\/\">Secci\u00f3n de contenidos \u2192<\/a><\/strong><\/p>\n","protected":false},"excerpt":{"rendered":"<p>ORA Spheres: una forma, muchos tama\u00f1os Desde globos compactos de sobremesa hasta esferas gigantes para experiencias XL, la gama ORA se adapta a su espacio, su p\u00fablico y sus historias. Solicitar una propuesta de proyecto Productos Conozca la familia ORA Sphere Seis gamas de modelos, un lenguaje inmersivo. ORA+ \u2013 La Sphere 4K original ORA+ [&hellip;]<\/p>\n","protected":false},"author":1,"featured_media":0,"parent":0,"menu_order":0,"comment_status":"closed","ping_status":"closed","template":"elementor_header_footer","meta":{"content-type":"","footnotes":""},"class_list":["post-9803","page","type-page","status-publish","hentry"],"_links":{"self":[{"href":"https:\/\/ora.vision\/es\/wp-json\/wp\/v2\/pages\/9803","targetHints":{"allow":["GET"]}}],"collection":[{"href":"https:\/\/ora.vision\/es\/wp-json\/wp\/v2\/pages"}],"about":[{"href":"https:\/\/ora.vision\/es\/wp-json\/wp\/v2\/types\/page"}],"author":[{"embeddable":true,"href":"https:\/\/ora.vision\/es\/wp-json\/wp\/v2\/users\/1"}],"replies":[{"embeddable":true,"href":"https:\/\/ora.vision\/es\/wp-json\/wp\/v2\/comments?post=9803"}],"version-history":[{"count":2,"href":"https:\/\/ora.vision\/es\/wp-json\/wp\/v2\/pages\/9803\/revisions"}],"predecessor-version":[{"id":10147,"href":"https:\/\/ora.vision\/es\/wp-json\/wp\/v2\/pages\/9803\/revisions\/10147"}],"wp:attachment":[{"href":"https:\/\/ora.vision\/es\/wp-json\/wp\/v2\/media?parent=9803"}],"curies":[{"name":"wp","href":"https:\/\/api.w.org\/{rel}","templated":true}]}}