{"id":9883,"date":"2026-03-19T10:29:44","date_gmt":"2026-03-19T10:29:44","guid":{"rendered":"https:\/\/ora.vision\/tous-les-produits-ora-vision\/"},"modified":"2026-04-29T09:27:45","modified_gmt":"2026-04-29T09:27:45","slug":"tous-les-produits-ora-vision","status":"publish","type":"page","link":"https:\/\/ora.vision\/fr\/tous-les-produits-ora-vision\/","title":{"rendered":"Tous les produits &#8211; ORA Vision"},"content":{"rendered":"<h2>ORA Spheres \u2013 une forme, de nombreuses<br \/>\ntailles<\/h2>\n<p>Des globes de bureau compacts aux sph\u00e8res g\u00e9antes pour des exp\u00e9riences XL, la gamme ORA s\u2019adapte \u00e0 votre espace, \u00e0 votre public et \u00e0 vos histoires.<\/p>\n<p>\t\t\t\t\t\t\t\t<a role=\"button\"><br \/>\n\t\t\t\t<svg xmlns=\"http:\/\/www.w3.org\/2000\/svg\" width=\"10\" height=\"10\" viewBox=\"0 0 10 10\" fill=\"none\"><path d=\"M0.749929 9.23538L9.23521 0.750103M9.23521 0.750103L9.23521 8.76398M9.23521 0.750103L1.22133 0.750103\" stroke=\"#141414\" stroke-width=\"1.5\" stroke-linecap=\"round\" stroke-linejoin=\"round\"><\/path><\/svg><br \/>\n\t\t\t\t\t\t\t\t\tObtenir une proposition de projet<br \/>\n\t\t\t\t\t<\/a><\/p>\n<h2>Produits<\/h2>\n<h2>D\u00e9couvrez la famille ORA Sphere<br \/>\n<\/h2>\n<p>Six gammes de mod\u00e8les, un langage immersif.<\/p>\n<h2>ORA+ \u2013 La Sphere 4K originale<br \/>\n<\/h2>\n<p>ORA+ est une Sphere interactive 4K sans raccord, con\u00e7ue pour l\u2019exploration du monde. Sa surface multi-touch prend en charge jusqu\u2019\u00e0 100 doigts simultan\u00e9ment, tandis que l\u2019audio 7.1 int\u00e9gr\u00e9 offre une exp\u00e9rience v\u00e9ritablement immersive et collective. Disponible de 60 \u00e0 120 cm.  <\/p>\n<p>\t\t\t\t\t\t\t\t<a role=\"button\"><br \/>\n\t\t\t\t<svg xmlns=\"http:\/\/www.w3.org\/2000\/svg\" width=\"13\" height=\"13\" viewBox=\"0 0 13 13\" fill=\"none\"><path d=\"M0.499994 12.1673L12.1673 0.500019M12.1673 0.500019L12.1673 11.5191M12.1673 0.500019L1.14817 0.500019\" stroke=\"white\" stroke-linecap=\"round\" stroke-linejoin=\"round\"><\/path><\/svg><br \/>\n\t\t\t\t\t\t\t\t\t  En savoir plus<br \/>\n\t\t\t\t\t<\/a><\/p>\n<h2>ORA\/2 \u2013 H\u00e9misph\u00e8res<br \/>\n<\/h2>\n<p>ORA\/2 est un h\u00e9misph\u00e8re interactif au design \u00e9pur\u00e9, con\u00e7u pour une fixation murale ou une int\u00e9gration dans du mobilier. Gr\u00e2ce \u00e0 sa r\u00e9activit\u00e9 multi-touch et \u00e0 sa luminosit\u00e9 \u00e9clatante de 60 cm \u00e0 200 cm, il offre une fen\u00eatre immersive sur le monde dans un format fin. <\/p>\n<p>\t\t\t\t\t\t\t\t<a role=\"button\"><br \/>\n\t\t\t\t<svg xmlns=\"http:\/\/www.w3.org\/2000\/svg\" width=\"13\" height=\"13\" viewBox=\"0 0 13 13\" fill=\"none\"><path d=\"M0.499994 12.1673L12.1673 0.500019M12.1673 0.500019L12.1673 11.5191M12.1673 0.500019L1.14817 0.500019\" stroke=\"white\" stroke-linecap=\"round\" stroke-linejoin=\"round\"><\/path><\/svg><br \/>\n\t\t\t\t\t\t\t\t\t  En savoir plus<br \/>\n\t\t\t\t\t<\/a><\/p>\n<h2>PROJECTION HYBRIDE \u2013 Sph\u00e8res, projection plane<br \/>\n&amp; d\u00f4mes<br \/>\n<\/h2>\n<p>Des configurations hybrides combinant des ORA Spheres ou des h\u00e9misph\u00e8res avec de la projection plane, des murs LED ou des d\u00f4mes. Utilisez la Sphere pour la vue d\u2019ensemble et les surfaces environnantes pour les d\u00e9tails, les donn\u00e9es et l\u2019interaction : id\u00e9al pour des r\u00e9cits complexes et des exp\u00e9riences \u00e0 plusieurs niveaux. <\/p>\n<p>\t\t\t\t\t\t\t\t<a role=\"button\"><br \/>\n\t\t\t\t<svg xmlns=\"http:\/\/www.w3.org\/2000\/svg\" width=\"13\" height=\"13\" viewBox=\"0 0 13 13\" fill=\"none\"><path d=\"M0.499994 12.1673L12.1673 0.500019M12.1673 0.500019L12.1673 11.5191M12.1673 0.500019L1.14817 0.500019\" stroke=\"white\" stroke-linecap=\"round\" stroke-linejoin=\"round\"><\/path><\/svg><br \/>\n\t\t\t\t\t\t\t\t\t  En savoir plus<br \/>\n\t\t\t\t\t<\/a><\/p>\n<h2>ORA S \u2013 Petites sph\u00e8res \u00e9l\u00e9gantes<br \/>\n<\/h2>\n<p>ORA S apporte des images Full HD+ ou 4K \u00e9clatantes sur les bureaux, tables et comptoirs de vente. Disponible en diam\u00e8tres de 25, 35 et 40 cm, elle est compacte, mobile et contr\u00f4lable depuis votre t\u00e9l\u00e9phone ou votre tablette, ce qui en fait une pi\u00e8ce ma\u00eetresse polyvalente pour les espaces de travail, les magasins et l\u2019\u00e9ducation. <\/p>\n<p>\t\t\t\t\t\t\t\t<a role=\"button\"><br \/>\n\t\t\t\t<svg xmlns=\"http:\/\/www.w3.org\/2000\/svg\" width=\"13\" height=\"13\" viewBox=\"0 0 13 13\" fill=\"none\"><path d=\"M0.499994 12.1673L12.1673 0.500019M12.1673 0.500019L12.1673 11.5191M12.1673 0.500019L1.14817 0.500019\" stroke=\"white\" stroke-linecap=\"round\" stroke-linejoin=\"round\"><\/path><\/svg><br \/>\n\t\t\t\t\t\t\t\t\t  En savoir plus<br \/>\n\t\t\t\t\t<\/a><\/p>\n<h2>ORA Air \u2013 Sph\u00e8res gonflables<\/h2>\n<p>ORA Air est une Sphere g\u00e9ante et pourtant l\u00e9g\u00e8re, installable presque partout, \u00e0 tout moment. Aliment\u00e9e depuis une base par un projecteur haute puissance, elle se gonfle rapidement et est disponible de 1,5 m \u00e0 2,5 m de diam\u00e8tre pour une visualisation 360\u00b0 spectaculaire. <\/p>\n<p>\t\t\t\t\t\t\t\t<a role=\"button\"><br \/>\n\t\t\t\t<svg xmlns=\"http:\/\/www.w3.org\/2000\/svg\" width=\"13\" height=\"13\" viewBox=\"0 0 13 13\" fill=\"none\"><path d=\"M0.499994 12.1673L12.1673 0.500019M12.1673 0.500019L12.1673 11.5191M12.1673 0.500019L1.14817 0.500019\" stroke=\"white\" stroke-linecap=\"round\" stroke-linejoin=\"round\"><\/path><\/svg><br \/>\n\t\t\t\t\t\t\t\t\t  En savoir plus<br \/>\n\t\t\t\t\t<\/a><\/p>\n<h2>ORA XL \u2013 Sph\u00e8res g\u00e9antes pour des exp\u00e9riences XL<\/h2>\n<p>ORA XL est con\u00e7ue pour les expositions, salons, concerts et grands \u00e9v\u00e9nements, et attire l\u2019attention m\u00eame dans les espaces les plus vastes. Sur pied ou suspendue au plafond, de 1,5 m \u00e0 2,5 m de diam\u00e8tre, \u00e9galement disponible pour des installations en ext\u00e9rieur. <\/p>\n<p>\t\t\t\t\t\t\t\t<a role=\"button\"><br \/>\n\t\t\t\t<svg xmlns=\"http:\/\/www.w3.org\/2000\/svg\" width=\"13\" height=\"13\" viewBox=\"0 0 13 13\" fill=\"none\"><path d=\"M0.499994 12.1673L12.1673 0.500019M12.1673 0.500019L12.1673 11.5191M12.1673 0.500019L1.14817 0.500019\" stroke=\"white\" stroke-linecap=\"round\" stroke-linejoin=\"round\"><\/path><\/svg><br \/>\n\t\t\t\t\t\t\t\t\t  En savoir plus<br \/>\n\t\t\t\t\t<\/a><\/p>\n<h2>Comment choisir<\/h2>\n<h2>Quel mod\u00e8le ORA vous convient ?<\/h2>\n<ul>\n<li>Taille de l\u2019espace et distance de visionnage<\/li>\n<li>Niveau d\u2019interactivit\u00e9<\/li>\n<li>Installation permanente ou temporaire<\/li>\n<\/ul>\n<p>\t\t\t\t\t\t\t\t<a role=\"button\"><br \/>\n\t\t\t\t<svg xmlns=\"http:\/\/www.w3.org\/2000\/svg\" width=\"14\" height=\"14\" viewBox=\"0 0 14 14\" fill=\"none\"><path d=\"M0.749994 12.4173L12.4173 0.750019M12.4173 0.750019L12.4173 11.7691M12.4173 0.750019L1.39817 0.750019\" stroke=\"white\" stroke-width=\"1.5\" stroke-linecap=\"round\" stroke-linejoin=\"round\"><\/path><\/svg><br \/>\n\t\t\t\t\t\t\t\t\tParlez \u00e0 notre \u00e9quipe<br \/>\n\t\t\t\t\t<\/a><\/p>\n<p>Vous avez d\u00e9j\u00e0 une Sphere en t\u00eate ? D\u00e9couvrez les options de contenus pour l\u2019\u00e9ducation, les marques et les exp\u00e9riences live.   <strong><a href=\"https:\/\/ora.vision\/content-ora-vision-new\/\">Section Contenus \u2192<\/a><\/strong><\/p>\n","protected":false},"excerpt":{"rendered":"<p>ORA Spheres \u2013 une forme, de nombreuses tailles Des globes de bureau compacts aux sph\u00e8res g\u00e9antes pour des exp\u00e9riences XL, la gamme ORA s\u2019adapte \u00e0 votre espace, \u00e0 votre public et \u00e0 vos histoires. Obtenir une proposition de projet Produits D\u00e9couvrez la famille ORA Sphere Six gammes de mod\u00e8les, un langage immersif. ORA+ \u2013 La [&hellip;]<\/p>\n","protected":false},"author":1,"featured_media":0,"parent":0,"menu_order":0,"comment_status":"closed","ping_status":"closed","template":"elementor_header_footer","meta":{"content-type":"","footnotes":""},"class_list":["post-9883","page","type-page","status-publish","hentry"],"_links":{"self":[{"href":"https:\/\/ora.vision\/fr\/wp-json\/wp\/v2\/pages\/9883","targetHints":{"allow":["GET"]}}],"collection":[{"href":"https:\/\/ora.vision\/fr\/wp-json\/wp\/v2\/pages"}],"about":[{"href":"https:\/\/ora.vision\/fr\/wp-json\/wp\/v2\/types\/page"}],"author":[{"embeddable":true,"href":"https:\/\/ora.vision\/fr\/wp-json\/wp\/v2\/users\/1"}],"replies":[{"embeddable":true,"href":"https:\/\/ora.vision\/fr\/wp-json\/wp\/v2\/comments?post=9883"}],"version-history":[{"count":1,"href":"https:\/\/ora.vision\/fr\/wp-json\/wp\/v2\/pages\/9883\/revisions"}],"predecessor-version":[{"id":9890,"href":"https:\/\/ora.vision\/fr\/wp-json\/wp\/v2\/pages\/9883\/revisions\/9890"}],"wp:attachment":[{"href":"https:\/\/ora.vision\/fr\/wp-json\/wp\/v2\/media?parent=9883"}],"curies":[{"name":"wp","href":"https:\/\/api.w.org\/{rel}","templated":true}]}}